{"id":1030,"date":"2017-02-16T12:21:53","date_gmt":"2017-02-16T11:21:53","guid":{"rendered":"http:\/\/rtsenergy.it\/?page_id=1030"},"modified":"2017-02-16T17:22:35","modified_gmt":"2017-02-16T16:22:35","slug":"privacy-e-cookie","status":"publish","type":"page","link":"https:\/\/rtsenergy.it\/?page_id=1030","title":{"rendered":"privacy e cookie"},"content":{"rendered":"<p><strong>informativa sulla PRIVACY<\/strong><\/p>\n<p>Grazie per dedicare qualche minuto alla consultazione di questa sezione del nostro sito Web. La tua privacy \u00e8 molto importante per RTS Energy S.r.l.\u00a0 e per tutelarla al meglio, ti forniamo queste note in cui troverai indicazioni sul tipo di informazioni raccolte online e sulle varie possibilit\u00e0\u00a0 che hai di intervenire nella raccolta e nell&#8217;utilizzo di tali informazioni nel sito.<\/p>\n<p>Si tratta di un&#8217;informativa che \u00e8 resa anche ai sensi dell&#8217;art.13 del D.Lgs. n\u00b0 196\/2003 del Codice in materia di protezione dei dati personali a coloro che interagiscono con i servizi Web RTS Energy S.r.l.\u00a0 , accessibili per via telematica a partire dall&#8217;indirizzo: https:\/\/rtsenergy.it corrispondente alla pagina iniziale del sito ufficiale di RTS Energy S.r.l. .<\/p>\n<p>L&#8217;informativa \u00e8 resa solo per il sito rtsenergy di propriet\u00e0\u00a0 di RTS Energy S.r.l. e non anche per altri siti Web eventualmente consultati dall&#8217;utente tramite link.<\/p>\n<p>L&#8217;informativa si ispira anche alla Raccomandazione n. 2\/2001 che le autorit\u00e0\u00a0 europee per la protezione dei dati personali, riunite nel Gruppo istituito dall&#8217;art.29 della Direttiva Europea N\u00b0 95\/46\/CE, hanno adottato il 17 maggio 2001 per individuare alcuni requisiti minimi per la raccolta di dati personali on-line, e, in particolare, le modalit\u00e0 , i tempi e la natura delle informazioni che i titolari del trattamento devono fornire agli utenti quando questi si collegano a pagine web, indipendentemente dagli scopi del collegamento.<\/p>\n<p><strong>IL TITOLARE DEL TRATTAMENTO<\/strong><br \/>\nA seguito della consultazione di questo sito possono essere trattati dati relativi a persone identificate o identificabili. Il titolare del trattamento dei dati \u00e8 di RTS Energy S.r.l. con sede in Via Rivarolo, 183\/R &#8211; 16161 Genova &#8211; Italy &#8211; P.IVA 01643940990.<\/p>\n<p><strong>LUOGO DI TRATTAMENTO DEI DATI<\/strong><br \/>\nI trattamenti connessi ai servizi Web di questo sito hanno luogo presso la predetta sede di RTS Energy S.r.l. e sono curati solo da personale tecnico incaricato del trattamento, oppure da eventuali incaricati di occasionali operazioni di manutenzione. Nessun dato derivante dal servizio web viene comunicato o diffuso. I dati personali forniti dagli utenti che inoltrano richieste di invio di materiale informativo (quali newsletter, ecc) sono utilizzati al solo fine di eseguire il servizio o la prestazione richiesta.<\/p>\n<p><strong>TIPI DI DATI TRATTATI<\/strong><br \/>\nDati di navigazione I sistemi informatici e le procedure software preposte al funzionamento di questo sito Web acquisiscono, nel corso del loro normale esercizio, alcuni dati personali la cui trasmissione \u00e8 implicita nell&#8217;uso dei protocolli di comunicazione di Internet.<br \/>\nSi tratta di informazioni che non sono raccolte per essere associate a interessati identificati, ma che per loro stessa natura potrebbero, attraverso elaborazioni ed associazioni con dati detenuti da terzi, permettere di identificare gli utenti. In questa categoria di dati rientrano gli indirizzi IP o i nomi a dominio dei computer utilizzati dagli utenti che si connettono al sito, gli indirizzi in notazione URI (Uniform Resource Identifier) delle risorse richieste, l&#8217;orario della richiesta, il metodo utilizzato nel sottoporre la richiesta al server, la dimensione del file ottenuto in risposta, il codice numerico indicante lo stato della risposta data dal server (buon fine, errore, ecc.) ed altri parametri relativi al sistema operativo e all&#8217;ambiente informatico dell&#8217;utente.<br \/>\nQuesti dati vengono utilizzati al solo fine di ricavare informazioni statistiche anonime sull&#8217;uso del sito e per controllarne il corretto funzionamento. I dati potrebbero essere utilizzati per l&#8217;accertamento di responsabilit\u00e0\u00a0 in caso di ipotetici reati informatici ai danni del sito solo su richiesta degli organi di vigilanza preposti.<\/p>\n<p><strong>Dati forniti volontariamente dall&#8217;utente<\/strong><br \/>\nL&#8217;invio facoltativo, esplicito e volontario di posta elettronica agli indirizzi indicati su questo sito comporta la successiva acquisizione dell&#8217;indirizzo del mittente, necessario per rispondere alle richieste, nonch\u00e8 degli eventuali altri dati personali inseriti nella missiva.<\/p>\n<p><strong>COOKIES<\/strong><br \/>\nNessun dato personale degli utenti viene in proposito acquisito dal sito. Non viene fatto uso di cookies per la trasmissione di informazioni di carattere personale, n\u00e8 vengono utilizzati c.d. cookies persistenti di alcun tipo, ovvero sistemi per il tracciamento degli utenti. L&#8217;uso di c.d. cookies di sessione (che non vengono memorizzati in modo persistente sul computer dell&#8217;utente e svaniscono con la chiusura del browser) \u00e8 strettamente limitato alla trasmissione di identificativi di sessione (costituiti da numeri casuali generati dal server) necessari per consentire l&#8217;esplorazione sicura ed efficiente del sito. I c.d. cookies di sessione utilizzati in questo sito evitano il ricorso ad altre tecniche informatiche potenzialmente pregiudizievoli per la riservatezza della navigazione degli utenti e non consentono l&#8217;acquisizione di dati personali identificativi dell&#8217;utente.<\/p>\n<p><strong>FACOLTATIVITA&#8217; DEL CONFERIMENTO DEI DATI<\/strong><br \/>\nA parte quanto specificato per i dati di navigazione, l&#8217;utente \u00e8 libero di fornire i dati personali riportati nei moduli di richiesta ad RTS Energy S.r.l.\u00a0 o comunque indicati in contatti per sollecitare l&#8217;invio di materiale informativo o di altre comunicazioni. Il loro mancato conferimento pu\u00f2 comportare l&#8217;impossibilit\u00e0\u00a0 di ottenere quanto richiesto.<\/p>\n<p><strong>PARTE RISERVATA PER I MINORENNI<\/strong><br \/>\nNessuna persona di et\u00e0\u00a0 inferiore ai 18 anni, senza previo consenso dei genitori o di chi ne fa le veci, potr\u00e0\u00a0 inviare informazioni a questo sito Web, ne tantomeno potr\u00e0\u00a0 fare acquisti o perfezionare atti legali presso questo sito senza il suddetto consenso, a meno che ci\u00f2 non sia consentito dalle norme in vigore.<\/p>\n<p><strong>MODALITA&#8217; DEL TRATTAMENTO<\/strong><br \/>\nI dati personali sono trattati con strumenti automatizzati per il tempo strettamente necessario a conseguire gli scopi per cui sono stati raccolti. Specifiche misure di sicurezza sono osservate per prevenire la perdita dei dati, usi illeciti o non corretti ed accessi non autorizzati.<\/p>\n<p><strong>DIRITTI DEGLI INTERESSATI<\/strong><br \/>\nI soggetti cui si riferiscono i dati personali hanno il diritto in qualunque momento di ottenere la conferma dell&#8217;esistenza o meno dei medesimi dati e di conoscerne il contenuto e l&#8217;origine, verificarne l&#8217;esattezza o chiederne l&#8217;integrazione o l&#8217;aggiornamento, oppure la rettifica (art.7 del D.Lgs. n\u00b0 196\/2003). Ai sensi del medesimo articolo si ha il diritto di chiedere la cancellazione, la trasformazione in forma anonima o il blocco dei dati trattati in violazione di legge, nonch\u00e9 di opporsi in ogni caso, per motivi legittimi, al loro trattamento. Chiunque dovesse avere dubbi riguardanti il rispetto della politica per la tutela della privacy adottata da RTS Energy S.r.l., la sua applicazione, l&#8217;accuratezza dei tuoi dati personali o l&#8217;utilizzo delle informazioni raccolte pu\u00f2 contattarci tramite e-mail all&#8217;indirizzo info@rtsenergy.it.<\/p>\n<p>&#8212;&#8212;&#8212;&#8212;&#8212;&#8212;&#8212;&#8212;&#8212;&#8212;&#8212;&#8212;&#8212;&#8212;&#8212;&#8212;&#8212;&#8212;&#8212;&#8212;&#8212;&#8212;&#8212;&#8212;&#8212;&#8212;&#8212;&#8212;&#8212;&#8212;&#8212;&#8212;&#8212;&#8212;&#8212;&#8212;&#8212;&#8212;&#8212;&#8212;&#8212;&#8212;&#8212;-<\/p>\n<p><strong>Informativa estesa sull\u2019uso dei COOKIE<\/strong><br \/>\nQuesto sito internet fa uso di cookie, cio\u00e8 di file di testo di piccole dimensioni che i siti visitati dall\u2019utente inviano al suo terminale (computer, tablet, smartphone), dove vengono memorizzati per essere poi ritrasmessi agli stessi siti alla successiva visita del medesimo utente. I cookie possono essere usati per differenti finalit\u00e0, fra cui, ad esempio, l\u2019esecuzione di autenticazioni informatiche, il monitoraggio di sessioni, la memorizzazione di informazioni su specifiche configurazioni riguardanti gli utenti che accedono al server e vengono genericamente classificati in tre categorie: <strong>cookie tecnici, cookie di profilazione, cookie di terze parti<\/strong>. Secondo la tipologia, la normativa prevede che, per il loro lecito utilizzo da parte del gestore del sito, in alcuni casi, sia sufficiente la semplice informativa sul loro utilizzo, mentre in altri casi, oltre all\u2019informativa sia necessario ottenere il relativo consenso da parte dell\u2019utente.<br \/>\nCi\u00f2 premesso, ai sensi degli artt. 13 e 122 del D. Lgs. 30\/6\/2003 n. 196 (\u201cCodice in materia di protezione dei dati personali\u201d o, pi\u00f9 brevemente, \u201cCodice\u201d) ed in conformit\u00e0 al provvedimento del Garante per la protezione dei dati personali dell\u20198\/5\/2014, vi informiamo, in qualit\u00e0 di titolari del trattamento, che il sito\u00a0www.rtsenergy.it utilizza sia cookie tecnici, sia\u00a0cookie di terze parti.<br \/>\n<strong>Cookie tecnici<\/strong><br \/>\nIn particolare, i cookie tecnici o quelli ad essi assimilati vengono utilizzati (a) per facilitare agli utenti l\u2019accesso ai servizi offerti dal sito a seguito di procedure di autenticazione, per renderne pi\u00f9 agevole la navigazione al suo interno, per accedere ad aree riservate o per poter procedere all\u2019acquisto dei beni o servizi offerti in vendita dal sito; (b) per raccogliere informazioni in forma aggregata, sul numero di utenti che visitano il sito o sulle modalit\u00e0 di navigazione all\u2019interno del sito; (c) per abilitare determinate funzionalit\u00e0 del sito come, ad esempio, l\u2019utilizzo di una determinata lingua o di altre impostazioni.<br \/>\nAlcuni cookie tecnici vengono definiti di sessione in quanto vengono rimossi immediatamente dal dispositivo dell\u2019utente al termine della sessione di navigazione. I cookie permanenti, invece, hanno una durata pi\u00f9 lunga e rimangono memorizzati sul dispositivo fino alla loro scadenza o cancellazione da parte dell\u2019utente. I cookie utilizzati da questo sito internet sono\u00a0tecnici di sessione e permanenti<br \/>\nPer l\u2019utilizzo dei cookie tecnici non \u00e8 necessario richiedere alcun consenso.<\/p>\n<h4>Cookie di &#8220;terze parti&#8221;<\/h4>\n<p>Visitando il presente sito web si potrebbero ricevere cookie da siti gestiti da altre organizzazioni (&#8220;terze parti&#8221;). Un esempio \u00e8 rappresentato dalla presenza dei &#8220;social plugin&#8221; per Facebook, Twitter, Google+ o LinkedIn, oppure sistemi di visualizzazione di contenuti multimediali embedded (integrati) come ad esempio Youtube, Flikr. Si tratta di parti generate direttamente dai suddetti siti ed integrati nella pagina web del sito ospitante visitato. La presenza di questi plugin comporta la trasmissione di cookie da e verso tutti i siti gestiti da terze parti. La gestione delle informazioni raccolte da &#8220;terze parti&#8221; \u00e8 disciplinata dalle relative informative cui si prega di fare riferimento. Per garantire una maggiore trasparenza e comodit\u00e0, si riportano qui di seguito gli indirizzi web delle diverse informative e delle modalit\u00e0 per la gestione dei cookie.<\/p>\n<p>Facebook informativa: <a href=\"https:\/\/www.facebook.com\/help\/cookies\/\">https:\/\/www.facebook.com\/help\/cookies\/<\/a><br \/>\nFacebook (configurazione): accedere al proprio account. Sezione privacy.<br \/>\nTwitter informative: <a href=\"https:\/\/support.twitter.com\/articles\/20170514\">https:\/\/support.twitter.com\/articles\/20170514<\/a><br \/>\nTwitter (configurazione): <a href=\"https:\/\/twitter.com\/settings\/security\">https:\/\/twitter.com\/settings\/security<\/a><br \/>\nLinkedin informativa: <a href=\"https:\/\/www.linkedin.com\/legal\/cookie-policy\">https:\/\/www.linkedin.com\/legal\/cookie-policy<\/a><br \/>\nLinkedin (configurazione): <a href=\"https:\/\/www.linkedin.com\/settings\/\">https:\/\/www.linkedin.com\/settings\/<\/a><br \/>\nYoutube\\Google+ informativa: <a href=\"http:\/\/www.google.it\/intl\/it\/policies\/technologies\/cookies\/\">http:\/\/www.google.it\/intl\/it\/policies\/technologies\/cookies\/<\/a><br \/>\nYoutube\\Google+ (configurazione): <a href=\"http:\/\/www.google.it\/intl\/it\/policies\/technologies\/managing\/\">http:\/\/www.google.it\/intl\/it\/policies\/technologies\/managing\/<\/a><br \/>\nPinterest informativa\\configurazione <a href=\"https:\/\/about.pinterest.com\/it\/privacy-policy\">https:\/\/about.pinterest.com\/it\/privacy-policy<\/a><br \/>\nFlikr\\Yahoo informativa <a href=\"http:\/\/info.yahoo.com\/privacy\/it\/yahoo\/cookies\/details.html\">http:\/\/info.yahoo.com\/privacy\/it\/yahoo\/cookies\/details.html<\/a><br \/>\nFlikr\\Yahoo (configurazione) <a href=\"http:\/\/info.yahoo.com\/privacy\/it\/yahoo\/opt_out\/targeting\/details.html\">http:\/\/info.yahoo.com\/privacy\/it\/yahoo\/opt_out\/targeting\/details.html<\/a><\/p>\n<h4>Cookie analytics<\/h4>\n<h4>WebTrends<\/h4>\n<p>Al solo fine di monitorare e migliorare le prestazioni del sito ci si avvale di un prodotto di mercato di analisi statistica per la rilevazione degli accessi al sito. Esso pu\u00f2 ricorrere all&#8217;utilizzo di cookies, permanenti e non, allo scopo di raccogliere informazioni statistiche e sui &#8220;visitatori unici&#8221; del sito. I cookies, definiti come &#8220;Unique Visitor Cookies&#8221;, contengono un codice alfanumerico che identifica i computer di navigazione, senza tuttavia alcuna raccolta di dati personali.<\/p>\n<h4>Google Analytics<\/h4>\n<p>Il sito include anche componenti trasmesse da Google Analytics, un servizio di analisi del traffico web fornito da Google, Inc. (&#8220;Google&#8221;). Tali cookie sono usati al solo fine di monitorare e migliorare le prestazioni del sito. Per ulteriori informazioni, si rinvia al link di seguito indicato:<\/p>\n<p><a href=\"https:\/\/www.google.it\/policies\/privacy\/partners\/\">https:\/\/www.google.it\/policies\/privacy\/partners\/<\/a><\/p>\n<p>L&#8217;utente pu\u00f2 disabilitare in modo selettivo l&#8217;azione di Google Analytics installando sul proprio browser la componente di opt-out fornito da Google. Per disabilitare l&#8217;azione di Google Analytics, si rinvia al link di seguito indicato:<\/p>\n<p><a href=\"https:\/\/tools.google.com\/dlpage\/gaoptout\">https:\/\/tools.google.com\/dlpage\/gaoptout<\/a><\/p>\n<h4>Durata dei cookie<\/h4>\n<p>Alcuni cookie (cookie di sessione) restano attivi solo fino alla chiusura del browser o all&#8217;esecuzione dell&#8217;eventuale comando di logout. Altri cookie &#8220;sopravvivono&#8221; alla chiusura del browser e sono disponibili anche in successive visite dell&#8217;utente. Questi cookie sono detti persistenti e la loro durata \u00e8 fissata dal server al momento della loro creazione. In alcuni casi \u00e8 fissata una scadenza, in altri casi la durata \u00e8 illimitata.<\/p>\n<h4>Gestione dei cookie<\/h4>\n<p>L&#8217;utente pu\u00f2 decidere se accettare o meno i cookie utilizzando le impostazioni del proprio browser.<br \/>\nAttenzione: con la disabilitazione totale o parziale dei cookie tecnici potrebbe compromettere l&#8217;utilizzo ottimale del sito.<br \/>\nLa disabilitazione dei cookie &#8220;terze parti&#8221; non pregiudica in alcun modo la navigabilit\u00e0.<br \/>\nL&#8217;impostazione pu\u00f2 essere definita in modo specifico per i diversi siti e applicazioni web. Inoltre i browser consentono di definire impostazioni diverse per i cookie &#8220;proprietari&#8221; e per quelli di &#8220;terze parti&#8221;. A titolo di esempio, in Firefox, attraverso il menu Strumenti-&gt;Opzioni-&gt;Privacy, \u00e8 possibile accedere ad un pannello di controllo dove \u00e8 possibile definire se accettare o meno i diversi tipi di cookie e procedere alla loro rimozione. In internet \u00e8 facilmente reperibile la documentazione su come impostare le regole di gestione dei cookies per il proprio browser, a titolo di esempio si riportano alcuni indirizzi relativi ai principali browser:<\/p>\n<p>Chrome: <a href=\"https:\/\/support.google.com\/chrome\/answer\/95647?hl=it\">https:\/\/support.google.com\/chrome\/answer\/95647?hl=it<\/a><br \/>\nFirefox: <a href=\"https:\/\/support.mozilla.org\/it\/kb\/Gestione%20dei%20cookie\">https:\/\/support.mozilla.org\/it\/kb\/Gestione%20dei%20cookie<\/a><br \/>\nInternet Explorer: <a href=\"http:\/\/windows.microsoft.com\/it-it\/windows7\/how-to-manage-cookies-in-internet-explorer-9\">http:\/\/windows.microsoft.com\/it-it\/windows7\/how-to-manage-cookies-in-internet-explorer-9<\/a><br \/>\nOpera: <a href=\"http:\/\/help.opera.com\/Windows\/10.00\/it\/cookies.html\">http:\/\/help.opera.com\/Windows\/10.00\/it\/cookies.html<\/a><br \/>\nSafari: <a href=\"http:\/\/support.apple.com\/kb\/HT1677?viewlocale=it_IT\">http:\/\/support.apple.com\/kb\/HT1677?viewlocale=it_IT<\/a><\/p>\n<p>&nbsp;<\/p>\n<p>Questa pagina \u00e8 visibile, mediante link presente in tutte le pagine del Sito ai sensi dell\u2019art. 122 secondo comma del D.lgs. 196\/2003 e a seguito delle modalit\u00e0 semplificate per l\u2019informativa e l\u2019acquisizione del consenso per l\u2019uso dei cookie pubblicata sulla Gazzetta Ufficiale n.126 del 3 giugno 2014 e relativo registro dei provvedimenti n.229 dell\u20198 maggio 2014.<\/p>\n","protected":false},"excerpt":{"rendered":"<p>informativa sulla PRIVACY Grazie per dedicare qualche minuto alla consultazione di questa sezione del nostro sito Web. La tua privacy \u00e8 molto importante per RTS Energy S.r.l.\u00a0 e per tutelarla al meglio, ti forniamo queste note in cui troverai indicazioni sul tipo di informazioni raccolte online e sulle varie possibilit\u00e0\u00a0 che hai di intervenire nella [&hellip;]<\/p>\n","protected":false},"author":1,"featured_media":0,"parent":0,"menu_order":0,"comment_status":"closed","ping_status":"closed","template":"","meta":{"footnotes":""},"class_list":["post-1030","page","type-page","status-publish","hentry"],"_links":{"self":[{"href":"https:\/\/rtsenergy.it\/index.php?rest_route=\/wp\/v2\/pages\/1030","targetHints":{"allow":["GET"]}}],"collection":[{"href":"https:\/\/rtsenergy.it\/index.php?rest_route=\/wp\/v2\/pages"}],"about":[{"href":"https:\/\/rtsenergy.it\/index.php?rest_route=\/wp\/v2\/types\/page"}],"author":[{"embeddable":true,"href":"https:\/\/rtsenergy.it\/index.php?rest_route=\/wp\/v2\/users\/1"}],"replies":[{"embeddable":true,"href":"https:\/\/rtsenergy.it\/index.php?rest_route=%2Fwp%2Fv2%2Fcomments&post=1030"}],"version-history":[{"count":7,"href":"https:\/\/rtsenergy.it\/index.php?rest_route=\/wp\/v2\/pages\/1030\/revisions"}],"predecessor-version":[{"id":1042,"href":"https:\/\/rtsenergy.it\/index.php?rest_route=\/wp\/v2\/pages\/1030\/revisions\/1042"}],"wp:attachment":[{"href":"https:\/\/rtsenergy.it\/index.php?rest_route=%2Fwp%2Fv2%2Fmedia&parent=1030"}],"curies":[{"name":"wp","href":"https:\/\/api.w.org\/{rel}","templated":true}]}}